{"id":56,"date":"2020-10-30T16:29:16","date_gmt":"2020-10-30T15:29:16","guid":{"rendered":"https:\/\/dev.oekotel.com\/?page_id=56"},"modified":"2026-04-20T15:06:08","modified_gmt":"2026-04-20T13:06:08","slug":"unsere-hotels","status":"publish","type":"page","link":"https:\/\/www.oekotel.com\/?page_id=56","title":{"rendered":"Unsere Hotels"},"content":{"rendered":"\t\t<div data-elementor-type=\"wp-page\" data-elementor-id=\"56\" class=\"elementor elementor-56\" data-elementor-post-type=\"page\">\n\t\t\t\t\t\t<section class=\"elementor-section elementor-top-section elementor-element elementor-element-be70721 elementor-section-content-middle elementor-section-boxed elementor-section-height-default elementor-section-height-default\" data-id=\"be70721\" data-element_type=\"section\" data-e-type=\"section\">\n\t\t\t\t\t\t<div class=\"elementor-container elementor-column-gap-default\">\n\t\t\t\t\t<div class=\"elementor-column elementor-col-50 elementor-top-column elementor-element elementor-element-9f450b6\" data-id=\"9f450b6\" data-element_type=\"column\" data-e-type=\"column\">\n\t\t\t<div class=\"elementor-widget-wrap elementor-element-populated\">\n\t\t\t\t\t\t<div class=\"elementor-element elementor-element-7789df4 elementor-widget elementor-widget-image\" data-id=\"7789df4\" data-element_type=\"widget\" data-e-type=\"widget\" data-widget_type=\"image.default\">\n\t\t\t\t<div class=\"elementor-widget-container\">\n\t\t\t\t\t\t\t\t\t\t\t\t\t\t\t\t<a href=\"https:\/\/www.oekotel.com\/?page_id=72\">\n\t\t\t\t\t\t\t<img fetchpriority=\"high\" decoding=\"async\" width=\"400\" height=\"300\" src=\"https:\/\/www.oekotel.com\/wp-content\/uploads\/2021\/01\/panorama-4-1900x550-1-400x300.jpg\" class=\"attachment-thumbnail size-thumbnail wp-image-925\" alt=\"panorama-4-1900x550\" \/>\t\t\t\t\t\t\t\t<\/a>\n\t\t\t\t\t\t\t\t\t\t\t\t\t\t\t<\/div>\n\t\t\t\t<\/div>\n\t\t\t\t\t<\/div>\n\t\t<\/div>\n\t\t\t\t<div class=\"elementor-column elementor-col-50 elementor-top-column elementor-element elementor-element-9f7e8e5\" data-id=\"9f7e8e5\" data-element_type=\"column\" data-e-type=\"column\">\n\t\t\t<div class=\"elementor-widget-wrap elementor-element-populated\">\n\t\t\t\t\t\t<div class=\"elementor-element elementor-element-484c795 elementor-widget elementor-widget-heading\" data-id=\"484c795\" data-element_type=\"widget\" data-e-type=\"widget\" data-widget_type=\"heading.default\">\n\t\t\t\t<div class=\"elementor-widget-container\">\n\t\t\t\t\t<h2 class=\"elementor-heading-title elementor-size-default\">OEKOTEL KORNEUBURG<\/h2>\t\t\t\t<\/div>\n\t\t\t\t<\/div>\n\t\t\t\t<div class=\"elementor-element elementor-element-ae426f7 elementor-widget elementor-widget-text-editor\" data-id=\"ae426f7\" data-element_type=\"widget\" data-e-type=\"widget\" data-widget_type=\"text-editor.default\">\n\t\t\t\t<div class=\"elementor-widget-container\">\n\t\t\t\t\t\t\t\t\t<p>Kaiserallee 31<br \/>A-2102 Bisamberg<br \/>T +43 594 594 10<br \/>Mail:\u00a0<a href=\"mailto:korneuburg@oekotel.com\">korneuburg@oekotel.com<\/a><br \/>Web:\u00a0<a href=\"https:\/\/www.oekotel.com\/unsere-hotels\/korneuburg-wien-nord-i\/\">korneuburg.oekotel.com<\/a><\/p>\t\t\t\t\t\t\t\t<\/div>\n\t\t\t\t<\/div>\n\t\t\t\t<div class=\"elementor-element elementor-element-4a7695f elementor-hidden-desktop elementor-hidden-tablet elementor-widget elementor-widget-spacer\" data-id=\"4a7695f\" data-element_type=\"widget\" data-e-type=\"widget\" data-widget_type=\"spacer.default\">\n\t\t\t\t<div class=\"elementor-widget-container\">\n\t\t\t\t\t\t\t<div class=\"elementor-spacer\">\n\t\t\t<div class=\"elementor-spacer-inner\"><\/div>\n\t\t<\/div>\n\t\t\t\t\t\t<\/div>\n\t\t\t\t<\/div>\n\t\t\t\t\t<\/div>\n\t\t<\/div>\n\t\t\t\t\t<\/div>\n\t\t<\/section>\n\t\t\t\t<section class=\"elementor-section elementor-top-section elementor-element elementor-element-3a5dc25 elementor-section-content-middle elementor-section-boxed elementor-section-height-default elementor-section-height-default\" data-id=\"3a5dc25\" data-element_type=\"section\" data-e-type=\"section\">\n\t\t\t\t\t\t<div class=\"elementor-container elementor-column-gap-default\">\n\t\t\t\t\t<div class=\"elementor-column elementor-col-50 elementor-top-column elementor-element elementor-element-65e8bc4\" data-id=\"65e8bc4\" data-element_type=\"column\" data-e-type=\"column\">\n\t\t\t<div class=\"elementor-widget-wrap elementor-element-populated\">\n\t\t\t\t\t\t<div class=\"elementor-element elementor-element-dfe0845 elementor-widget elementor-widget-image\" data-id=\"dfe0845\" data-element_type=\"widget\" data-e-type=\"widget\" data-widget_type=\"image.default\">\n\t\t\t\t<div class=\"elementor-widget-container\">\n\t\t\t\t\t\t\t\t\t\t\t\t\t\t\t\t<a href=\"https:\/\/www.oekotel.com\/?page_id=74\">\n\t\t\t\t\t\t\t<img decoding=\"async\" width=\"400\" height=\"300\" src=\"https:\/\/www.oekotel.com\/wp-content\/uploads\/2026\/01\/angie-ca-ro-pN7jWmGmhzk-unsplash-1-400x300.jpg\" class=\"attachment-thumbnail size-thumbnail wp-image-4248\" alt=\"Wien\" srcset=\"https:\/\/www.oekotel.com\/wp-content\/uploads\/2026\/01\/angie-ca-ro-pN7jWmGmhzk-unsplash-1-400x300.jpg 400w, https:\/\/www.oekotel.com\/wp-content\/uploads\/2026\/01\/angie-ca-ro-pN7jWmGmhzk-unsplash-1-640x480.jpg 640w, https:\/\/www.oekotel.com\/wp-content\/uploads\/2026\/01\/angie-ca-ro-pN7jWmGmhzk-unsplash-1-1280x960.jpg 1280w, https:\/\/www.oekotel.com\/wp-content\/uploads\/2026\/01\/angie-ca-ro-pN7jWmGmhzk-unsplash-1-768x576.jpg 768w, https:\/\/www.oekotel.com\/wp-content\/uploads\/2026\/01\/angie-ca-ro-pN7jWmGmhzk-unsplash-1-1536x1152.jpg 1536w, https:\/\/www.oekotel.com\/wp-content\/uploads\/2026\/01\/angie-ca-ro-pN7jWmGmhzk-unsplash-1.jpg 1920w\" sizes=\"(max-width: 400px) 100vw, 400px\" \/>\t\t\t\t\t\t\t\t<\/a>\n\t\t\t\t\t\t\t\t\t\t\t\t\t\t\t<\/div>\n\t\t\t\t<\/div>\n\t\t\t\t\t<\/div>\n\t\t<\/div>\n\t\t\t\t<div class=\"elementor-column elementor-col-50 elementor-top-column elementor-element elementor-element-f8ee4c9\" data-id=\"f8ee4c9\" data-element_type=\"column\" data-e-type=\"column\">\n\t\t\t<div class=\"elementor-widget-wrap elementor-element-populated\">\n\t\t\t\t\t\t<div class=\"elementor-element elementor-element-5ebfae9 elementor-widget elementor-widget-heading\" data-id=\"5ebfae9\" data-element_type=\"widget\" data-e-type=\"widget\" data-widget_type=\"heading.default\">\n\t\t\t\t<div class=\"elementor-widget-container\">\n\t\t\t\t\t<h2 class=\"elementor-heading-title elementor-size-default\">OEKOTEL F\u00d6HRENHAIN<\/h2>\t\t\t\t<\/div>\n\t\t\t\t<\/div>\n\t\t\t\t<div class=\"elementor-element elementor-element-90d47cd elementor-widget elementor-widget-text-editor\" data-id=\"90d47cd\" data-element_type=\"widget\" data-e-type=\"widget\" data-widget_type=\"text-editor.default\">\n\t\t\t\t<div class=\"elementor-widget-container\">\n\t\t\t\t\t\t\t\t\t<p>Br\u00fcnner Bundesstr. 127<br \/>A-2201 F\u00f6hrenhain<br \/>T +43 594 594 20<br \/>Mail:\u00a0<a href=\"mailto:foehrenhain@oekotel.com\">foehrenhain@oekotel.com<\/a><br \/>Web:\u00a0<a href=\"https:\/\/www.oekotel.com\/unsere-hotels\/foehrenhain-wien-nord-ii\/\">foehrenhain.oekotel.com<\/a><\/p>\t\t\t\t\t\t\t\t<\/div>\n\t\t\t\t<\/div>\n\t\t\t\t<div class=\"elementor-element elementor-element-283273a elementor-hidden-desktop elementor-hidden-tablet elementor-widget elementor-widget-spacer\" data-id=\"283273a\" data-element_type=\"widget\" data-e-type=\"widget\" data-widget_type=\"spacer.default\">\n\t\t\t\t<div class=\"elementor-widget-container\">\n\t\t\t\t\t\t\t<div class=\"elementor-spacer\">\n\t\t\t<div class=\"elementor-spacer-inner\"><\/div>\n\t\t<\/div>\n\t\t\t\t\t\t<\/div>\n\t\t\t\t<\/div>\n\t\t\t\t\t<\/div>\n\t\t<\/div>\n\t\t\t\t\t<\/div>\n\t\t<\/section>\n\t\t\t\t<section class=\"elementor-section elementor-top-section elementor-element elementor-element-1eac305 elementor-section-content-middle elementor-section-boxed elementor-section-height-default elementor-section-height-default\" data-id=\"1eac305\" data-element_type=\"section\" data-e-type=\"section\">\n\t\t\t\t\t\t<div class=\"elementor-container elementor-column-gap-default\">\n\t\t\t\t\t<div class=\"elementor-column elementor-col-50 elementor-top-column elementor-element elementor-element-e097579\" data-id=\"e097579\" data-element_type=\"column\" data-e-type=\"column\">\n\t\t\t<div class=\"elementor-widget-wrap elementor-element-populated\">\n\t\t\t\t\t\t<div class=\"elementor-element elementor-element-242b6b5 elementor-widget elementor-widget-image\" data-id=\"242b6b5\" data-element_type=\"widget\" data-e-type=\"widget\" data-widget_type=\"image.default\">\n\t\t\t\t<div class=\"elementor-widget-container\">\n\t\t\t\t\t\t\t\t\t\t\t\t\t\t\t\t<a href=\"https:\/\/www.oekotel.com\/?page_id=80\">\n\t\t\t\t\t\t\t<img decoding=\"async\" width=\"400\" height=\"300\" src=\"https:\/\/www.oekotel.com\/wp-content\/uploads\/2026\/01\/sandra-bittmann-xyhAQbeY04s-unsplash-400x300.jpg\" class=\"attachment-thumbnail size-thumbnail wp-image-4253\" alt=\"\" \/>\t\t\t\t\t\t\t\t<\/a>\n\t\t\t\t\t\t\t\t\t\t\t\t\t\t\t<\/div>\n\t\t\t\t<\/div>\n\t\t\t\t\t<\/div>\n\t\t<\/div>\n\t\t\t\t<div class=\"elementor-column elementor-col-50 elementor-top-column elementor-element elementor-element-5245958\" data-id=\"5245958\" data-element_type=\"column\" data-e-type=\"column\">\n\t\t\t<div class=\"elementor-widget-wrap elementor-element-populated\">\n\t\t\t\t\t\t<div class=\"elementor-element elementor-element-ce4d7da elementor-widget elementor-widget-heading\" data-id=\"ce4d7da\" data-element_type=\"widget\" data-e-type=\"widget\" data-widget_type=\"heading.default\">\n\t\t\t\t<div class=\"elementor-widget-container\">\n\t\t\t\t\t<h2 class=\"elementor-heading-title elementor-size-default\">OEKOTEL TRAISKIRCHEN<\/h2>\t\t\t\t<\/div>\n\t\t\t\t<\/div>\n\t\t\t\t<div class=\"elementor-element elementor-element-73cc2c1 elementor-widget elementor-widget-text-editor\" data-id=\"73cc2c1\" data-element_type=\"widget\" data-e-type=\"widget\" data-widget_type=\"text-editor.default\">\n\t\t\t\t<div class=\"elementor-widget-container\">\n\t\t\t\t\t\t\t\t\t<p>Hochm\u00fchlstra\u00dfe 5<br \/>A-2514 Traiskirchen<br \/>T +43 594 594 40<br \/>Mail:\u00a0<a href=\"mailto:traiskirchen@oekotel.com\">traiskirchen@oekotel.com<\/a><br \/>Web:\u00a0<a href=\"https:\/\/www.oekotel.com\/unsere-hotels\/traiskirchen-wien-sued\/\">traiskirchen.oekotel.com<\/a><\/p>\t\t\t\t\t\t\t\t<\/div>\n\t\t\t\t<\/div>\n\t\t\t\t<div class=\"elementor-element elementor-element-dcc8277 elementor-hidden-desktop elementor-hidden-tablet elementor-widget elementor-widget-spacer\" data-id=\"dcc8277\" data-element_type=\"widget\" data-e-type=\"widget\" data-widget_type=\"spacer.default\">\n\t\t\t\t<div class=\"elementor-widget-container\">\n\t\t\t\t\t\t\t<div class=\"elementor-spacer\">\n\t\t\t<div class=\"elementor-spacer-inner\"><\/div>\n\t\t<\/div>\n\t\t\t\t\t\t<\/div>\n\t\t\t\t<\/div>\n\t\t\t\t\t<\/div>\n\t\t<\/div>\n\t\t\t\t\t<\/div>\n\t\t<\/section>\n\t\t\t\t<section class=\"elementor-section elementor-top-section elementor-element elementor-element-395637b elementor-section-content-middle elementor-section-boxed elementor-section-height-default elementor-section-height-default\" data-id=\"395637b\" data-element_type=\"section\" data-e-type=\"section\">\n\t\t\t\t\t\t<div class=\"elementor-container elementor-column-gap-default\">\n\t\t\t\t\t<div class=\"elementor-column elementor-col-50 elementor-top-column elementor-element elementor-element-2b76ade\" data-id=\"2b76ade\" data-element_type=\"column\" data-e-type=\"column\">\n\t\t\t<div class=\"elementor-widget-wrap elementor-element-populated\">\n\t\t\t\t\t\t<div class=\"elementor-element elementor-element-6c41272 elementor-widget elementor-widget-image\" data-id=\"6c41272\" data-element_type=\"widget\" data-e-type=\"widget\" data-widget_type=\"image.default\">\n\t\t\t\t<div class=\"elementor-widget-container\">\n\t\t\t\t\t\t\t\t\t\t\t\t\t\t\t\t<a href=\"https:\/\/www.oekotel.com\/?page_id=76\">\n\t\t\t\t\t\t\t<img loading=\"lazy\" decoding=\"async\" width=\"400\" height=\"267\" src=\"https:\/\/www.oekotel.com\/wp-content\/uploads\/2026\/02\/Salzburg-Mitte.jpg\" class=\"attachment-thumbnail size-thumbnail wp-image-5259\" alt=\"\" \/>\t\t\t\t\t\t\t\t<\/a>\n\t\t\t\t\t\t\t\t\t\t\t\t\t\t\t<\/div>\n\t\t\t\t<\/div>\n\t\t\t\t\t<\/div>\n\t\t<\/div>\n\t\t\t\t<div class=\"elementor-column elementor-col-50 elementor-top-column elementor-element elementor-element-6951203\" data-id=\"6951203\" data-element_type=\"column\" data-e-type=\"column\">\n\t\t\t<div class=\"elementor-widget-wrap elementor-element-populated\">\n\t\t\t\t\t\t<div class=\"elementor-element elementor-element-0636eb9 elementor-widget elementor-widget-heading\" data-id=\"0636eb9\" data-element_type=\"widget\" data-e-type=\"widget\" data-widget_type=\"heading.default\">\n\t\t\t\t<div class=\"elementor-widget-container\">\n\t\t\t\t\t<h2 class=\"elementor-heading-title elementor-size-default\">OEKOTEL SALZBURG<\/h2>\t\t\t\t<\/div>\n\t\t\t\t<\/div>\n\t\t\t\t<div class=\"elementor-element elementor-element-33283b8 elementor-widget elementor-widget-text-editor\" data-id=\"33283b8\" data-element_type=\"widget\" data-e-type=\"widget\" data-widget_type=\"text-editor.default\">\n\t\t\t\t<div class=\"elementor-widget-container\">\n\t\t\t\t\t\t\t\t\t<p>Eugen M\u00fcller Stra\u00dfe 9<br \/>A-5020 Salzburg<br \/>T +43 594 594 60<br \/>Mail:\u00a0<a href=\"mailto:salzburg@oekotel.com\">salzburg@oekotel.com<\/a><br \/>Web:\u00a0<a href=\"https:\/\/www.oekotel.com\/unsere-hotels\/salzburg-mitte\/\">salzburg.oekotel.com<\/a><\/p>\t\t\t\t\t\t\t\t<\/div>\n\t\t\t\t<\/div>\n\t\t\t\t<div class=\"elementor-element elementor-element-0cb0ef5 elementor-hidden-desktop elementor-hidden-tablet elementor-widget elementor-widget-spacer\" data-id=\"0cb0ef5\" data-element_type=\"widget\" data-e-type=\"widget\" data-widget_type=\"spacer.default\">\n\t\t\t\t<div class=\"elementor-widget-container\">\n\t\t\t\t\t\t\t<div class=\"elementor-spacer\">\n\t\t\t<div class=\"elementor-spacer-inner\"><\/div>\n\t\t<\/div>\n\t\t\t\t\t\t<\/div>\n\t\t\t\t<\/div>\n\t\t\t\t\t<\/div>\n\t\t<\/div>\n\t\t\t\t\t<\/div>\n\t\t<\/section>\n\t\t\t\t<section class=\"elementor-section elementor-top-section elementor-element elementor-element-ace592d elementor-section-content-middle elementor-section-boxed elementor-section-height-default elementor-section-height-default\" data-id=\"ace592d\" data-element_type=\"section\" data-e-type=\"section\">\n\t\t\t\t\t\t<div class=\"elementor-container elementor-column-gap-default\">\n\t\t\t\t\t<div class=\"elementor-column elementor-col-50 elementor-top-column elementor-element elementor-element-7a403dd\" data-id=\"7a403dd\" data-element_type=\"column\" data-e-type=\"column\">\n\t\t\t<div class=\"elementor-widget-wrap elementor-element-populated\">\n\t\t\t\t\t\t<div class=\"elementor-element elementor-element-a5f01a4 elementor-widget elementor-widget-image\" data-id=\"a5f01a4\" data-element_type=\"widget\" data-e-type=\"widget\" data-widget_type=\"image.default\">\n\t\t\t\t<div class=\"elementor-widget-container\">\n\t\t\t\t\t\t\t\t\t\t\t\t\t\t\t\t<a href=\"https:\/\/www.oekotel.com\/?page_id=78\">\n\t\t\t\t\t\t\t<img loading=\"lazy\" decoding=\"async\" width=\"400\" height=\"300\" src=\"https:\/\/www.oekotel.com\/wp-content\/uploads\/2026\/01\/josh-hild-03NoCdSvbLw-unsplash-400x300.jpg\" class=\"attachment-thumbnail size-thumbnail wp-image-4250\" alt=\"Graz\" \/>\t\t\t\t\t\t\t\t<\/a>\n\t\t\t\t\t\t\t\t\t\t\t\t\t\t\t<\/div>\n\t\t\t\t<\/div>\n\t\t\t\t\t<\/div>\n\t\t<\/div>\n\t\t\t\t<div class=\"elementor-column elementor-col-50 elementor-top-column elementor-element elementor-element-0a69e79\" data-id=\"0a69e79\" data-element_type=\"column\" data-e-type=\"column\">\n\t\t\t<div class=\"elementor-widget-wrap elementor-element-populated\">\n\t\t\t\t\t\t<div class=\"elementor-element elementor-element-6f9373a elementor-widget elementor-widget-heading\" data-id=\"6f9373a\" data-element_type=\"widget\" data-e-type=\"widget\" data-widget_type=\"heading.default\">\n\t\t\t\t<div class=\"elementor-widget-container\">\n\t\t\t\t\t<h2 class=\"elementor-heading-title elementor-size-default\">OEKOTEL KALSDORF<\/h2>\t\t\t\t<\/div>\n\t\t\t\t<\/div>\n\t\t\t\t<div class=\"elementor-element elementor-element-aad6a8a elementor-widget elementor-widget-text-editor\" data-id=\"aad6a8a\" data-element_type=\"widget\" data-e-type=\"widget\" data-widget_type=\"text-editor.default\">\n\t\t\t\t<div class=\"elementor-widget-container\">\n\t\t\t\t\t\t\t\t\t<p>Forsterstra\u00dfe 70<br \/>A-8401 Kalsdorf<br \/>T +43 594 594 50<br \/>Mail:\u00a0<a href=\"mailto:kalsdorf@oekotel.com\">kalsdorf@oekotel.com<\/a><br \/>Web:\u00a0<a href=\"https:\/\/www.oekotel.com\/unsere-hotels\/hotel-graz-sued-flughafen\/\">kalsdorf.oekotel.com<\/a><\/p>\t\t\t\t\t\t\t\t<\/div>\n\t\t\t\t<\/div>\n\t\t\t\t<div class=\"elementor-element elementor-element-ece1269 elementor-hidden-desktop elementor-hidden-tablet elementor-widget elementor-widget-spacer\" data-id=\"ece1269\" data-element_type=\"widget\" data-e-type=\"widget\" data-widget_type=\"spacer.default\">\n\t\t\t\t<div class=\"elementor-widget-container\">\n\t\t\t\t\t\t\t<div class=\"elementor-spacer\">\n\t\t\t<div class=\"elementor-spacer-inner\"><\/div>\n\t\t<\/div>\n\t\t\t\t\t\t<\/div>\n\t\t\t\t<\/div>\n\t\t\t\t\t<\/div>\n\t\t<\/div>\n\t\t\t\t\t<\/div>\n\t\t<\/section>\n\t\t\t\t<section class=\"elementor-section elementor-top-section elementor-element elementor-element-2aa5eae elementor-section-content-middle elementor-section-boxed elementor-section-height-default elementor-section-height-default\" data-id=\"2aa5eae\" data-element_type=\"section\" data-e-type=\"section\">\n\t\t\t\t\t\t<div class=\"elementor-container elementor-column-gap-default\">\n\t\t\t\t\t<div class=\"elementor-column elementor-col-50 elementor-top-column elementor-element elementor-element-5b62044\" data-id=\"5b62044\" data-element_type=\"column\" data-e-type=\"column\">\n\t\t\t<div class=\"elementor-widget-wrap elementor-element-populated\">\n\t\t\t\t\t\t<div class=\"elementor-element elementor-element-de95c0f elementor-widget elementor-widget-image\" data-id=\"de95c0f\" data-element_type=\"widget\" data-e-type=\"widget\" data-widget_type=\"image.default\">\n\t\t\t\t<div class=\"elementor-widget-container\">\n\t\t\t\t\t\t\t\t\t\t\t\t\t\t\t\t<a href=\"https:\/\/www.oekotel.com\/?page_id=70\">\n\t\t\t\t\t\t\t<img loading=\"lazy\" decoding=\"async\" width=\"400\" height=\"300\" src=\"https:\/\/www.oekotel.com\/wp-content\/uploads\/2021\/01\/oehe-hohenems-1920x1080-1-400x300.jpg\" class=\"attachment-thumbnail size-thumbnail wp-image-920\" alt=\"OEHE hohenems-1920x1080\" \/>\t\t\t\t\t\t\t\t<\/a>\n\t\t\t\t\t\t\t\t\t\t\t\t\t\t\t<\/div>\n\t\t\t\t<\/div>\n\t\t\t\t\t<\/div>\n\t\t<\/div>\n\t\t\t\t<div class=\"elementor-column elementor-col-50 elementor-top-column elementor-element elementor-element-073924e\" data-id=\"073924e\" data-element_type=\"column\" data-e-type=\"column\">\n\t\t\t<div class=\"elementor-widget-wrap elementor-element-populated\">\n\t\t\t\t\t\t<div class=\"elementor-element elementor-element-62e0393 elementor-widget elementor-widget-heading\" data-id=\"62e0393\" data-element_type=\"widget\" data-e-type=\"widget\" data-widget_type=\"heading.default\">\n\t\t\t\t<div class=\"elementor-widget-container\">\n\t\t\t\t\t<h2 class=\"elementor-heading-title elementor-size-default\">OEKOTEL HOHENEMS<\/h2>\t\t\t\t<\/div>\n\t\t\t\t<\/div>\n\t\t\t\t<div class=\"elementor-element elementor-element-8de65f2 elementor-widget elementor-widget-text-editor\" data-id=\"8de65f2\" data-element_type=\"widget\" data-e-type=\"widget\" data-widget_type=\"text-editor.default\">\n\t\t\t\t<div class=\"elementor-widget-container\">\n\t\t\t\t\t\t\t\t\t<p>Lustenauerstra\u00dfe 108a<br \/>6845 Hohenems<br \/>T +43594594 70<br \/>Mail:\u00a0<a href=\"mailto:hohenems@oekotel.com\">hohenems@oekotel.com<\/a><br \/>Web:\u00a0<a href=\"https:\/\/www.oekotel.com\/unsere-hotels\/hohenems\/\">hohenems.oekotel.com<\/a><\/p>\t\t\t\t\t\t\t\t<\/div>\n\t\t\t\t<\/div>\n\t\t\t\t\t<\/div>\n\t\t<\/div>\n\t\t\t\t\t<\/div>\n\t\t<\/section>\n\t\t\t\t<section class=\"elementor-section elementor-top-section elementor-element elementor-element-4bc442d elementor-section-boxed elementor-section-height-default elementor-section-height-default\" data-id=\"4bc442d\" data-element_type=\"section\" data-e-type=\"section\">\n\t\t\t\t\t\t<div class=\"elementor-container elementor-column-gap-default\">\n\t\t\t\t\t<div class=\"elementor-column elementor-col-100 elementor-top-column elementor-element elementor-element-d3eb7fb\" data-id=\"d3eb7fb\" data-element_type=\"column\" data-e-type=\"column\">\n\t\t\t<div class=\"elementor-widget-wrap\">\n\t\t\t\t\t\t\t<\/div>\n\t\t<\/div>\n\t\t\t\t\t<\/div>\n\t\t<\/section>\n\t\t\t\t<\/div>\n\t\t","protected":false},"excerpt":{"rendered":"<p>OEKOTEL KORNEUBURG Kaiserallee 31A-2102 BisambergT +43 594 594 10Mail:\u00a0korneuburg@oekotel.comWeb:\u00a0korneuburg.oekotel.com OEKOTEL F\u00d6HRENHAIN Br\u00fcnner Bundesstr. 127A-2201 F\u00f6hrenhainT +43 594 594 20Mail:\u00a0foehrenhain@oekotel.comWeb:\u00a0foehrenhain.oekotel.com OEKOTEL TRAISKIRCHEN Hochm\u00fchlstra\u00dfe 5A-2514 TraiskirchenT +43 594 594 40Mail:\u00a0traiskirchen@oekotel.comWeb:\u00a0traiskirchen.oekotel.com OEKOTEL SALZBURG Eugen M\u00fcller Stra\u00dfe 9A-5020 SalzburgT +43 594 594 60Mail:\u00a0salzburg@oekotel.comWeb:\u00a0salzburg.oekotel.com OEKOTEL KALSDORF Forsterstra\u00dfe 70A-8401 KalsdorfT +43 594 594 50Mail:\u00a0kalsdorf@oekotel.comWeb:\u00a0kalsdorf.oekotel.com OEKOTEL HOHENEMS Lustenauerstra\u00dfe 108a6845 HohenemsT +43594594 70Mail:\u00a0hohenems@oekotel.comWeb:\u00a0hohenems.oekotel.com<\/p>\n","protected":false},"author":1,"featured_media":3360,"parent":0,"menu_order":0,"comment_status":"closed","ping_status":"closed","template":"","meta":{"footnotes":""},"class_list":["post-56","page","type-page","status-publish","has-post-thumbnail","hentry"],"_links":{"self":[{"href":"https:\/\/www.oekotel.com\/index.php?rest_route=\/wp\/v2\/pages\/56","targetHints":{"allow":["GET"]}}],"collection":[{"href":"https:\/\/www.oekotel.com\/index.php?rest_route=\/wp\/v2\/pages"}],"about":[{"href":"https:\/\/www.oekotel.com\/index.php?rest_route=\/wp\/v2\/types\/page"}],"author":[{"embeddable":true,"href":"https:\/\/www.oekotel.com\/index.php?rest_route=\/wp\/v2\/users\/1"}],"replies":[{"embeddable":true,"href":"https:\/\/www.oekotel.com\/index.php?rest_route=%2Fwp%2Fv2%2Fcomments&post=56"}],"version-history":[{"count":104,"href":"https:\/\/www.oekotel.com\/index.php?rest_route=\/wp\/v2\/pages\/56\/revisions"}],"predecessor-version":[{"id":7125,"href":"https:\/\/www.oekotel.com\/index.php?rest_route=\/wp\/v2\/pages\/56\/revisions\/7125"}],"wp:featuredmedia":[{"embeddable":true,"href":"https:\/\/www.oekotel.com\/index.php?rest_route=\/wp\/v2\/media\/3360"}],"wp:attachment":[{"href":"https:\/\/www.oekotel.com\/index.php?rest_route=%2Fwp%2Fv2%2Fmedia&parent=56"}],"curies":[{"name":"wp","href":"https:\/\/api.w.org\/{rel}","templated":true}]}}